{"id":3,"date":"2023-01-31T11:16:52","date_gmt":"2023-01-31T11:16:52","guid":{"rendered":"https:\/\/formentera.milestate.site\/?page_id=3"},"modified":"2023-06-20T09:10:57","modified_gmt":"2023-06-20T09:10:57","slug":"privacy-policy-and-cookie-policy","status":"publish","type":"page","link":"https:\/\/formentera.milestate.site\/de\/privacy-policy-and-cookie-policy\/","title":{"rendered":"Datenschutz- und Cookie-Richtlinie"},"content":{"rendered":"<div class=\"wpb-content-wrapper\"><div class=\"vc_row wpb_row vc_row-fluid\"><div class=\"wpb_column vc_column_container vc_col-sm-12\"><div class=\"vc_column-inner\"><div class=\"wpb_wrapper\">\n\t<div class=\"wpb_text_column wpb_content_element\" >\n\t\t<div class=\"wpb_wrapper\">\n\t\t\t<h1>INFORMATIVA PRIVACY POLICY<br \/>\nAI SENSI ART. 13 REGOLAMENTO EUROPEO 27\/4\/2016 N. 679<\/h1>\n<p>Ai sensi del Regolamento Europeo 27\/4\/2016 n. 679, il trattamento dei Suoi dati personali sar\u00e0 improntato ai principi di correttezza, liceit\u00e0, minimizzazione, proporzionalit\u00e0, necessit\u00e0, trasparenza e tutela della riservatezza e dei diritti di ciascun utente. La presente privacy policy si applica esclusivamente alle attivit\u00e0 online del presente sito ed \u00e8 valida per i visitatori\/utenti del sito. Non si applica alle informazioni raccolte tramite canali diversi dal presente sito web. Lo scopo dell\u2019informativa privacy \u00e8 di fornire la massima trasparenza relativamente alle informazioni che il sito raccoglie ed all\u2019uso che ne fa. Il presente sito tratta i dati degli utenti in maniera lecita e corretta, adottando le opportune misure di sicurezza e misure organizzative adeguate, volte ad impedire accessi non autorizzati, divulgazione, modifica o distruzione non autorizzata dei dati. Il trattamento viene effettuato mediante strumenti informatici e\/o telematici, con modalit\u00e0 organizzative e con logiche strettamente correlate alle finalit\u00e0 indicate e tese alla salvaguardia e tutela dei Suoi dati. Oltre al titolare, in alcuni casi, potrebbero avere accesso ai dati categorie di incaricati interni coinvolti nell\u2019organizzazione, gestione, interazione e manutenzione del sito e delle attivit\u00e0 connesse (personale amministrativo, commerciale, marketing, legali, amministratori di sistema), ovvero soggetti esterni (come fornitori di servizi tecnici terzi, hosting provider, societ\u00e0 informatiche, societ\u00e0 di web marketing, agenzie di comunicazione, etc.). Sul sito non sono utilizzate in alcun modo tecniche informatiche per l\u2019acquisizione diretta di dati personali identificativi dell\u2019utente o sistemi di profilazione dell\u2019utente. I c.d. cookies di sessione, una volta terminata la connessione al sito non vengono conservati. I sistemi informatici utilizzano: cookies per la trasmissione di informazioni di carattere personale; cookies persistenti di alcun tipo, eccetto quelli di Google Analytics, servizio di analisi web fornito da Google Inc. (\u201cGoogle\u201d) che utilizza dei cookie che vengono depositati sul computer dell\u2019utente per consentire analisi statistiche in forma aggregata in ordine all\u2019utilizzo del sito web visitato. Tali cookies sono stati da noi impostati in modalit\u00e0 anonimizzata, in modo da ridurre al minimo la possibilit\u00e0 di identificarti da parte di Google o da altre terze parti. I dati generati da Google Analytics sono conservati da Google, come cos\u00ec come indicato nella propria informativa sull\u2019utilizzo dei cookies. Come titolare autonomo del trattamento dei dati relativo al servizio di Google Analytics, Google Inc. rende disponibile la propria informativa privacy. Per ulteriori approfondimenti su come gestire o disabilitare i cookie di terze parti o di marketing \u00e8 possibile visitare il sito www.youronlinechoices.com. In ogni momento, in qualit\u00e0 di interessato al trattamento, potr\u00e0 esercitare i Suoi diritti nei confronti del titolare del trattamento ai sensi dell\u2019 15 del Reg. Eur. 679\/2016, che qui di seguito sommariamente indichiamo:<\/p>\n<ol>\n<li>L\u2019interessato ha diritto di ottenere la conferma dell\u2019esistenza o meno di dati personali che lo riguardano, anche se non ancora registrati, e la loro comunicazione in forma intelligibile.<\/li>\n<li>L\u2019interessato ha diritto di ottenere l\u2019indicazione:<br \/>\n\u2022 dell\u2019origine dei dati personali;<br \/>\n\u2022 delle finalit\u00e0 e modalit\u00e0 del trattamento;<br \/>\n\u2022 della logica applicata in caso di trattamento effettuato con l\u2019ausilio di strumenti elettronici;<br \/>\n\u2022 degli estremi identificativi del titolare e degli eventuali responsabili;<br \/>\n\u2022 dei soggetti o delle categorie di soggetti ai quali i dati personali possono essere comunicati o che possono venirne a conoscenza in qualit\u00e0 di rappresentante designato nel territorio dello Stato o fuori dal territorio dello Stato, di responsabili o incaricati.<\/li>\n<li>L\u2019interessato ha diritto di ottenere:<br \/>\n\u2022 l\u2019aggiornamento, la rettificazione ovvero, quando vi ha interesse, l\u2019integrazione dei dati;<br \/>\n\u2022 la cancellazione, la trasformazione in forma anonima o il blocco dei dati trattati in violazione di legge, compresi quelli di cui non \u00e8 necessaria la conservazione in relazione agli scopi per i quali i dati sono stati raccolti o successivamente trattati;<br \/>\nl\u2019attestazione che le operazioni di cui al punto 3) sono state portate a conoscenza, anche per quanto riguarda il loro contenuto, di coloro ai quali i dati sono stati comunicati o diffusi, eccettuato il caso in cui tale adempimento si rivela impossibile o comporta un impiego di mezzi manifestamente sproporzionato rispetto al diritto tutelato.<\/li>\n<li>L\u2019interessato ha diritto di opporsi, in tutto o in parte:<br \/>\nper motivi legittimi al trattamento dei dati personali che lo riguardano, ancorch\u00e9 pertinenti allo scopo della raccolta, ferme festando le possibili conseguenze in punto di ineseguibilit\u00e0 della prestazione richiesta;<br \/>\n\u2022 al trattamento di dati personali che Io riguardano a fini di invio di materiale pubblicitario o di vendita diretta o per il compimento di ricerche di mercato o di comunicazione commerciale.<br \/>\n\u2022 I diritti di cui sopra sono esercitati con richiesta rivolta senza formalit\u00e0 al titolare o al responsabile, anche per il tramite di un incaricato, alla quale \u00e8 fornito idoneo riscontro senza ritardo. Il server in cui \u00e8 localizzato il Sito Web si trova in Italia. I Suoi Dati non saranno trasferiti a societ\u00e0 terze localizzate al di fuori dell\u2019Area Economica Europea, qualora dovesse rendersi necessario detto trasferimento sar\u00e0 nostra premura assicurarci che i destinatari dei Suoi Dati abbiano adottato misure di sicurezza idonee a garantire la protezione degli stessi.<\/li>\n<\/ol>\n<p>Qualora si ritenga che il trattamento possa essere avvenuto in modo non conforme al Regolamento, si potr\u00e0 inoltre rivolgere all\u2019Autorit\u00e0 di controllo, ai sensi dell\u2019art. 77 del medesimo Regolamento. In caso di cessazione del trattamento per qualsiasi causa, ai sensi dell\u2019art 17 del Reg. Eur. 679\/20016, i suoi dati saranno: a) distrutti, decorsi gli obblighi di conservazione imposti dall\u2019art. 2220 e.e., dagli artt. 19 e 22 del D.P.R. n. 600\/1973 o da altra normativa specifica; b) ceduti ad altro titolare, purch\u00e9 destinati ad un trattamento in termini compatibili agli scopi per i quali i dati sono raccolti; e) conservati per fini esclusivamente personali e non destinati ad una comunicazione sistematica o alla diffusione; d) conservati o ceduti ad altro titolare, per scopi storici, statistici, in conformit\u00e0 alla legge, ai regolamenti, alla normativa comunitaria e ai codici di deontologia e di buona condotta sottoscritti ai sensi dell\u2019art. 40 Reg. Eur. 679\/2016. Titolare del trattamento ai sensi delle leggi vigenti \u00e8 M.I.L. S.r.l., con sede in Corso Garibaldi 104, 20121 Milano MI (indirizzo e-mail: <a href=\"mailto:mil@m-i-l.it\">mil@m-i-l.it<\/a>).<\/p>\n\n\t\t<\/div>\n\t<\/div>\n<\/div><\/div><\/div><\/div>\n<h2><strong>COOKIE POLICY<\/strong><\/h2>\n<p><strong>del sito web di M. I. L. Srl<\/strong><\/p>\n<p><strong>PERCH\u00c9 QUESTA COOKIE POLICY?<\/strong><\/p>\n<p>Questa Cookie Policy ha lo scopo di rendere note le procedure seguite per la raccolta, tramite i cookie e\/o altre tecnologie di monitoraggio, delle informazioni fornite dagli utenti quando visitano questo sito web di titolarit\u00e0 di M. I. L. Srl all\u2019indirizzo https:\/\/formentera.milestate.site\/<\/p>\n<p>Il Titolare del trattamento \u00e8 M. I. L. Srl Corso Garibaldi 104, 20121 Milano MI<\/p>\n<p><strong>INFORMAZIONI GENERALI SUI COOKIE E ALTRE TECNOLOGIE DI MONITORAGGIO<\/strong><\/p>\n<p>Utilizziamo cookies in alcune aree del nostro sito. I cookies sono dei file che immagazzinano le informazioni sugli hard drive o sul browser. Permettono a questo sito di controllare se Lei ha gi\u00e0 visitato il sito. I cookies ci consentono di capire quali sono le pagine del sito pi\u00f9 visitate in quanto consentono di vedere quali pagine sono visitate e per quanto tempo. Attraverso questi dati riusciamo a rendere il sito pi\u00f9 aderente alle sue richieste e pi\u00f9 semplice la navigazione. Ad esempio, i cookies ci consentono di assicurarle che le informazioni presenti sul sito nelle sue future visite rispondano alle sue preferenze.\u00a0Ci teniamo ad informarla che si pu\u00f2 configurare il browser per accettare tutti i cookie, rifiutare tutti i cookie, o avvertire quando un cookie \u00e8 stato inviato.\u00a0Ogni browser \u00e8 diverso, pertanto occorre cliccare sul menu \u201cHELP\/AIUTO\u201d dello specifico browser per comprendere come modificare le preferenze sui cookie. Ad esempio, in Microsoft Internet Explorer, si possono disabilitare o cancellare i cookie selezionando \u201cStrumenti\/Opzioni Internet\u201d e modificare le impostazioni privacy ovvero selezionando \u201ccancella cookie\u201d. Si noti comunque che quando un sito \u00e8 stato strutturato per usare i cookie, ogni loro disinstallazione potrebbe inficiare il funzionamento del sito e non consentire il miglior uso del sito stesso.<\/p>\n<p><strong>INFORMAZIONI GENERALI SULLE NORME RELATIVE AL CONSENSO ALL\u2019USO DEI COOKIE<\/strong><\/p>\n<p>M. I. L. Srl La informa di seguito dettagliatamente circa le tipologie di eventuali cookie utilizzati dal sito. Il Provvedimento del Garante per la protezione dei dati personali Italiano (provv. n. 229 del 8 maggio 2014, pubblicato sulla G.U. n. 126 del 3 giugno 2014), ha categorizzato i cookie in due macro-categorie: cookie \u201ctecnici\u201d e cookie \u201cdi profilazione\u201d; inoltre sono stati categorizzati i cookie a seconda del soggetto che opera in qualit\u00e0 di titolare del trattamento dei dati personali raccolti dal cookie, distinguendo fra cookie di prima parte e cookie di terza parte. In riferimento alle suindicate categorie di cookie M. I. L. Srl ci tiene a fornirLe di seguito in modo trasparente ogni utile dettaglio:<\/p>\n<p><strong>Cookie tecnici<\/strong><\/p>\n<p>I cookie tecnici sono quelli utilizzati al solo fine di effettuare la trasmissione di una comunicazione su una rete di comunicazione elettronica, o nella misura strettamente necessaria al fornitore di un servizio della societ\u00e0 dell\u2019informazione esplicitamente richiesto dall\u2019abbonato o dall\u2019utente a erogare tale servizio. Essi non vengono utilizzati per scopi ulteriori e sono normalmente installati direttamente dal titolare o gestore del sito web. Possono essere suddivisi in cookie di navigazione o di sessione, che garantiscono la normale navigazione e fruizione del sito web (permettendo, ad esempio, di autenticarsi per accedere ad aree riservate); cookie analytics, assimilati ai cookie tecnici laddove utilizzati direttamente dal gestore del sito per raccogliere informazioni, in forma aggregata, sul numero degli utenti e su come questi visitano il sito stesso; cookie di funzionalit\u00e0, che permettono all\u2019utente la navigazione in funzione di una serie di criteri selezionati (ad esempio, la lingua, i prodotti selezionati per l\u2019acquisto) al fine di migliorare il servizio reso allo stesso. Per l\u2019installazione di tali cookie non \u00e8 richiesto il preventivo consenso degli utenti.<\/p>\n<p><strong>Cookie di profilazione<\/strong><\/p>\n<p>I cookie di profilazione sono volti a creare profili relativi all\u2019utente e vengono utilizzati al fine di inviare messaggi pubblicitari in linea con le preferenze manifestate dallo stesso nell\u2019ambito della navigazione in rete. In ragione della particolare invasivit\u00e0 che tali dispositivi possono avere nell\u2019ambito della sfera privata degli utenti, la normativa europea e italiana prevede che l\u2019utente debba essere adeguatamente informato sull\u2019uso degli stessi ed esprimere cos\u00ec il proprio valido consenso.<\/p>\n<p><strong>Cookie di prima parte<\/strong><\/p>\n<p>Sono i cookie gestiti da M. I. L. Srl in qualit\u00e0 di titolare del sito. Per questi cookie, l\u2019obbligo dell\u2019informativa spetta a noi come pure l\u2019obbligo di indicarLe le modalit\u00e0 per l\u2019eventuale blocco del cookie.<\/p>\n<p><strong>Cookie di terza parte<\/strong><\/p>\n<p>Sono i cookie gestiti da un soggetto terzo diverso da M. I. L. Srl. Per questi cookie, l\u2019obbligo dell\u2019informativa e dell\u2019indicazione delle modalit\u00e0 per l\u2019eventuale blocco del cookie spetta alla terza parte, pertanto M. I. L. Srl le indicher\u00e0 il link al sito della eventuale terza parte ove tali elementi sono disponibili. In entrambe le tipologie di cookie (di prima parte o di terza parte) la raccolta del consenso, necessario qualora il cookie sia un cookie di profilazione, avviene tramite apposito banner nella home page del sito.<\/p>\n<p><strong>CARATTERISTICHE DEI COOKIE UTILIZZATI DA QUESTO SITO WEB<\/strong><\/p>\n<p>Di seguito in tabella, \u00e8 riportato l\u2019elenco di tutti i cookie utilizzati da questo sito web. Nel primo gruppo sono elencati i cookie cosiddetti tecnici il cui utilizzo non richiede il consenso dell\u2019utente. Nel secondo gruppo sono elencati i cookie di profilazione.\u00a0Si fa presente che l\u2019eventuale blocco dei cookie tecnici potrebbe compromettere la funzionalit\u00e0 di questo sito web.<\/p>\n<p><strong>LINK AD ALTRI SITI WEB<\/strong><\/p>\n<p>Questo sito potrebbe contenere link o riferimenti per l\u2019accesso ad altri siti web. M. I. L. Srl non controlla i cookie \/ le tecnologie di monitoraggio di altri siti web ai quali la presente Cookie Policy non si applica.<\/p>\n<p><strong>COME CONTATTARCI<\/strong><\/p>\n<p>Per qualsiasi domanda, commento o dubbio relativo alla presente Cookie Policy e Privacy Policy, pu\u00f2 contattare M. I. L. Srl ai seguenti indirizzi:<\/p>\n<p>M. I. L. Srl<\/p>\n<p>Sede Legale: M. I. L. Srl, Corso Garibaldi 104, 20121 Milano MI<\/p>\n<p>Codice Fiscale\/P.IVA : 12677480159<\/p>\n<p><strong>AGGIORNAMENTO DELLA PRESENTE COOKIE POLICY<\/strong><\/p>\n<p>La presente Cookie Policy \u00e8 stata aggiornata il 08\/05\/2023. Eventuali aggiornamenti saranno sempre pubblicati in questa pagina.<\/p>\n<p><strong>TIPI DI COOKIE UTILIZZATI DA QUESTO SITO WEB<\/strong><\/p>\n<div class=\"uk-overflow-auto\">\n<table class=\"uk-table uk-table-divider\">\n<tbody>\n<tr>\n<th colspan=\"4\">COOKIE TECNICI<\/th>\n<\/tr>\n<tr>\n<td>Denominazione<\/td>\n<td>Funzione del cookie<\/td>\n<td>Cookie di prima parte o di terza parte<\/td>\n<td>Modalit\u00e0 per bloccare il cookie<\/td>\n<\/tr>\n<tr>\n<td>CookieScriptConsent<\/td>\n<td>Verifica l\u2019accettazione dei cookie<\/td>\n<td>Terza parte<\/td>\n<td>\u00c8 possibile modificare le impostazioni del browser per accettare o rifiutare questo tipo di cookie. Si prega di fare riferimento alle indicazioni fornite dallo specifico browser utilizzato<\/td>\n<\/tr>\n<tr>\n<td>_hjIncludedInSample<\/td>\n<td>Verifica se il visitatore \u00e8 incluso nella generazione dei funnels Hotjar<\/td>\n<td>Terza parte<\/td>\n<td>\u00c8 possibile modificare le impostazioni del browser per accettare o rifiutare questo tipo di cookie. Si prega di fare riferimento alle indicazioni fornite dallo specifico browser utilizzato<\/td>\n<\/tr>\n<tr>\n<td>_gcl_au<\/td>\n<td>Statistiche e ottimizzazione delle funzionalit\u00e0<\/td>\n<td>Terza parte<\/td>\n<td>\u00c8 possibile modificare le impostazioni del browser per accettare o rifiutare questo tipo di cookie. Si prega di fare riferimento alle indicazioni fornite dallo specifico browser utilizzato<\/td>\n<\/tr>\n<tr>\n<td>wfwaf-authcookie<\/td>\n<td>Identifica il visitatore attraverso un plugin per la prevenzione di attacchi informatici<\/td>\n<td>Terza parte<\/td>\n<td>\u00c8 possibile modificare le impostazioni del browser per accettare o rifiutare questo tipo di cookie. Si prega di fare riferimento alle indicazioni fornite dallo specifico browser utilizzato<\/td>\n<\/tr>\n<tr>\n<td>wordpress_test_cookie<\/td>\n<td>Test dei Cookie di WordPress<\/td>\n<td>Terza parte<\/td>\n<td>\u00c8 possibile modificare le impostazioni del browser per accettare o rifiutare questo tipo di cookie. Si prega di fare riferimento alle indicazioni fornite dallo specifico browser utilizzato<\/td>\n<\/tr>\n<\/tbody>\n<\/table>\n<\/div>\n<p>&nbsp;<\/p>\n<div class=\"uk-overflow-auto\">\n<table class=\"uk-table uk-table-divider\">\n<tbody>\n<tr>\n<th colspan=\"4\">COOKIE DI PROFILAZIONE<\/th>\n<\/tr>\n<tr>\n<td>Denominazione<\/td>\n<td>Funzione del cookie<\/td>\n<td>Cookie di prima parte o di terza parte<\/td>\n<td>Modalit\u00e0 per bloccare il cookie<\/td>\n<\/tr>\n<tr>\n<td>__hstc<\/td>\n<td>Tracciamento utente<\/td>\n<td>Terza parte<\/td>\n<td>\u00c8 possibile modificare le impostazioni del browser per accettare o rifiutare questo tipo di cookie. Si prega di fare riferimento alle indicazioni fornite dallo specifico browser utilizzato<\/td>\n<\/tr>\n<tr>\n<td>_ga<\/td>\n<td>Identificazione del Client<\/td>\n<td>Terza parte<\/td>\n<td>\u00c8 possibile modificare le impostazioni del browser per accettare o rifiutare questo tipo di cookie. Si prega di fare riferimento alle indicazioni fornite dallo specifico browser utilizzato<\/td>\n<\/tr>\n<tr>\n<td>_gid<\/td>\n<td>Identificazione del Client<\/td>\n<td>Terza parte<\/td>\n<td>\u00c8 possibile modificare le impostazioni del browser per accettare o rifiutare questo tipo di cookie. Si prega di fare riferimento alle indicazioni fornite dallo specifico browser utilizzato<\/td>\n<\/tr>\n<tr>\n<td>hubspotutk<\/td>\n<td>Identificazione del Client<\/td>\n<td>Terza parte<\/td>\n<td>\u00c8 possibile modificare le impostazioni del browser per accettare o rifiutare questo tipo di cookie. Si prega di fare riferimento alle indicazioni fornite dallo specifico browser utilizzato<\/td>\n<\/tr>\n<\/tbody>\n<\/table>\n<\/div>\n<\/div>","protected":false},"excerpt":{"rendered":"<p>COOKIE POLICY del sito web di M. I. L. Srl PERCH\u00c9 QUESTA COOKIE POLICY? Questa Cookie Policy ha lo scopo<\/p>","protected":false},"author":1,"featured_media":0,"parent":0,"menu_order":0,"comment_status":"closed","ping_status":"closed","template":"","meta":{"footnotes":""},"class_list":["post-3","page","type-page","status-publish","hentry"],"yoast_head":"<!-- This site is optimized with the Yoast SEO plugin v25.6 - https:\/\/yoast.com\/wordpress\/plugins\/seo\/ -->\n<title>Privacy Policy and Cookie Policy - MIL Estate<\/title>\n<meta name=\"robots\" content=\"index, follow, max-snippet:-1, max-image-preview:large, max-video-preview:-1\" \/>\n<link rel=\"canonical\" href=\"https:\/\/formentera.milestate.site\/de\/privacy-policy-and-cookie-policy\/\" \/>\n<meta property=\"og:locale\" content=\"de_DE\" \/>\n<meta property=\"og:type\" content=\"article\" \/>\n<meta property=\"og:title\" content=\"Privacy Policy and Cookie Policy - MIL Estate\" \/>\n<meta property=\"og:description\" content=\"COOKIE POLICY del sito web di M. I. L. Srl PERCH\u00c9 QUESTA COOKIE POLICY? Questa Cookie Policy ha lo scopo\" \/>\n<meta property=\"og:url\" content=\"https:\/\/formentera.milestate.site\/de\/privacy-policy-and-cookie-policy\/\" \/>\n<meta property=\"og:site_name\" content=\"MIL Estate\" \/>\n<meta property=\"article:modified_time\" content=\"2023-06-20T09:10:57+00:00\" \/>\n<meta name=\"twitter:card\" content=\"summary_large_image\" \/>\n<meta name=\"twitter:label1\" content=\"Gesch\u00e4tzte Lesezeit\" \/>\n\t<meta name=\"twitter:data1\" content=\"11\u00a0Minuten\" \/>\n<script type=\"application\/ld+json\" class=\"yoast-schema-graph\">{\"@context\":\"https:\/\/schema.org\",\"@graph\":[{\"@type\":\"WebPage\",\"@id\":\"https:\/\/formentera.milestate.site\/privacy-policy-and-cookie-policy\/\",\"url\":\"https:\/\/formentera.milestate.site\/privacy-policy-and-cookie-policy\/\",\"name\":\"Privacy Policy and Cookie Policy - MIL Estate\",\"isPartOf\":{\"@id\":\"https:\/\/formentera.milestate.site\/#website\"},\"datePublished\":\"2023-01-31T11:16:52+00:00\",\"dateModified\":\"2023-06-20T09:10:57+00:00\",\"breadcrumb\":{\"@id\":\"https:\/\/formentera.milestate.site\/privacy-policy-and-cookie-policy\/#breadcrumb\"},\"inLanguage\":\"de\",\"potentialAction\":[{\"@type\":\"ReadAction\",\"target\":[\"https:\/\/formentera.milestate.site\/privacy-policy-and-cookie-policy\/\"]}]},{\"@type\":\"BreadcrumbList\",\"@id\":\"https:\/\/formentera.milestate.site\/privacy-policy-and-cookie-policy\/#breadcrumb\",\"itemListElement\":[{\"@type\":\"ListItem\",\"position\":1,\"name\":\"Home\",\"item\":\"https:\/\/formentera.milestate.site\/\"},{\"@type\":\"ListItem\",\"position\":2,\"name\":\"Privacy Policy and Cookie Policy\"}]},{\"@type\":\"WebSite\",\"@id\":\"https:\/\/formentera.milestate.site\/#website\",\"url\":\"https:\/\/formentera.milestate.site\/\",\"name\":\"MIL Estate\",\"description\":\"Let\u2019s start with Formentera, San Remo, Milan.\",\"publisher\":{\"@id\":\"https:\/\/formentera.milestate.site\/#organization\"},\"potentialAction\":[{\"@type\":\"SearchAction\",\"target\":{\"@type\":\"EntryPoint\",\"urlTemplate\":\"https:\/\/formentera.milestate.site\/?s={search_term_string}\"},\"query-input\":{\"@type\":\"PropertyValueSpecification\",\"valueRequired\":true,\"valueName\":\"search_term_string\"}}],\"inLanguage\":\"de\"},{\"@type\":\"Organization\",\"@id\":\"https:\/\/formentera.milestate.site\/#organization\",\"name\":\"MIL Estate\",\"url\":\"https:\/\/formentera.milestate.site\/\",\"logo\":{\"@type\":\"ImageObject\",\"inLanguage\":\"de\",\"@id\":\"https:\/\/formentera.milestate.site\/#\/schema\/logo\/image\/\",\"url\":\"https:\/\/formentera.milestate.site\/wp-content\/uploads\/2023\/02\/logo-mil-estate.png\",\"contentUrl\":\"https:\/\/formentera.milestate.site\/wp-content\/uploads\/2023\/02\/logo-mil-estate.png\",\"width\":1200,\"height\":741,\"caption\":\"MIL Estate\"},\"image\":{\"@id\":\"https:\/\/formentera.milestate.site\/#\/schema\/logo\/image\/\"}}]}<\/script>\n<!-- \/ Yoast SEO plugin. -->","yoast_head_json":{"title":"Privacy Policy and Cookie Policy - MIL Estate","robots":{"index":"index","follow":"follow","max-snippet":"max-snippet:-1","max-image-preview":"max-image-preview:large","max-video-preview":"max-video-preview:-1"},"canonical":"https:\/\/formentera.milestate.site\/de\/privacy-policy-and-cookie-policy\/","og_locale":"de_DE","og_type":"article","og_title":"Privacy Policy and Cookie Policy - MIL Estate","og_description":"COOKIE POLICY del sito web di M. I. L. Srl PERCH\u00c9 QUESTA COOKIE POLICY? Questa Cookie Policy ha lo scopo","og_url":"https:\/\/formentera.milestate.site\/de\/privacy-policy-and-cookie-policy\/","og_site_name":"MIL Estate","article_modified_time":"2023-06-20T09:10:57+00:00","twitter_card":"summary_large_image","twitter_misc":{"Gesch\u00e4tzte Lesezeit":"11\u00a0Minuten"},"schema":{"@context":"https:\/\/schema.org","@graph":[{"@type":"WebPage","@id":"https:\/\/formentera.milestate.site\/privacy-policy-and-cookie-policy\/","url":"https:\/\/formentera.milestate.site\/privacy-policy-and-cookie-policy\/","name":"Privacy Policy and Cookie Policy - MIL Estate","isPartOf":{"@id":"https:\/\/formentera.milestate.site\/#website"},"datePublished":"2023-01-31T11:16:52+00:00","dateModified":"2023-06-20T09:10:57+00:00","breadcrumb":{"@id":"https:\/\/formentera.milestate.site\/privacy-policy-and-cookie-policy\/#breadcrumb"},"inLanguage":"de","potentialAction":[{"@type":"ReadAction","target":["https:\/\/formentera.milestate.site\/privacy-policy-and-cookie-policy\/"]}]},{"@type":"BreadcrumbList","@id":"https:\/\/formentera.milestate.site\/privacy-policy-and-cookie-policy\/#breadcrumb","itemListElement":[{"@type":"ListItem","position":1,"name":"Home","item":"https:\/\/formentera.milestate.site\/"},{"@type":"ListItem","position":2,"name":"Privacy Policy and Cookie Policy"}]},{"@type":"WebSite","@id":"https:\/\/formentera.milestate.site\/#website","url":"https:\/\/formentera.milestate.site\/","name":"MIL Estate","description":"Let\u2019s start with Formentera, San Remo, Milan.","publisher":{"@id":"https:\/\/formentera.milestate.site\/#organization"},"potentialAction":[{"@type":"SearchAction","target":{"@type":"EntryPoint","urlTemplate":"https:\/\/formentera.milestate.site\/?s={search_term_string}"},"query-input":{"@type":"PropertyValueSpecification","valueRequired":true,"valueName":"search_term_string"}}],"inLanguage":"de"},{"@type":"Organization","@id":"https:\/\/formentera.milestate.site\/#organization","name":"MIL Estate","url":"https:\/\/formentera.milestate.site\/","logo":{"@type":"ImageObject","inLanguage":"de","@id":"https:\/\/formentera.milestate.site\/#\/schema\/logo\/image\/","url":"https:\/\/formentera.milestate.site\/wp-content\/uploads\/2023\/02\/logo-mil-estate.png","contentUrl":"https:\/\/formentera.milestate.site\/wp-content\/uploads\/2023\/02\/logo-mil-estate.png","width":1200,"height":741,"caption":"MIL Estate"},"image":{"@id":"https:\/\/formentera.milestate.site\/#\/schema\/logo\/image\/"}}]}},"_links":{"self":[{"href":"https:\/\/formentera.milestate.site\/de\/wp-json\/wp\/v2\/pages\/3","targetHints":{"allow":["GET"]}}],"collection":[{"href":"https:\/\/formentera.milestate.site\/de\/wp-json\/wp\/v2\/pages"}],"about":[{"href":"https:\/\/formentera.milestate.site\/de\/wp-json\/wp\/v2\/types\/page"}],"author":[{"embeddable":true,"href":"https:\/\/formentera.milestate.site\/de\/wp-json\/wp\/v2\/users\/1"}],"replies":[{"embeddable":true,"href":"https:\/\/formentera.milestate.site\/de\/wp-json\/wp\/v2\/comments?post=3"}],"version-history":[{"count":0,"href":"https:\/\/formentera.milestate.site\/de\/wp-json\/wp\/v2\/pages\/3\/revisions"}],"wp:attachment":[{"href":"https:\/\/formentera.milestate.site\/de\/wp-json\/wp\/v2\/media?parent=3"}],"curies":[{"name":"wp","href":"https:\/\/api.w.org\/{rel}","templated":true}]}}